{"id":721,"date":"2024-05-30T16:52:21","date_gmt":"2024-05-30T13:52:21","guid":{"rendered":"http:\/\/buvkon.elapadev.lv\/?page_id=721"},"modified":"2024-07-09T13:50:52","modified_gmt":"2024-07-09T10:50:52","slug":"projektu-vadiba","status":"publish","type":"page","link":"https:\/\/buvkonsultants.lv\/en\/projektu-vadiba\/","title":{"rendered":"Project management"},"content":{"rendered":"<div data-elementor-type=\"wp-page\" data-elementor-id=\"721\" class=\"elementor elementor-721\" data-elementor-post-type=\"page\">\n\t\t\t\t\t\t<section class=\"elementor-section elementor-top-section elementor-element elementor-element-90573db elementor-section-boxed elementor-section-height-default elementor-section-height-default\" data-id=\"90573db\" data-element_type=\"section\" data-settings=\"{&quot;background_background&quot;:&quot;classic&quot;}\">\n\t\t\t\t\t\t\t<div class=\"elementor-background-overlay\"><\/div>\n\t\t\t\t\t\t\t<div class=\"elementor-container elementor-column-gap-default\">\n\t\t\t\t\t<div class=\"elementor-column elementor-col-50 elementor-top-column elementor-element elementor-element-b85dcb8\" data-id=\"b85dcb8\" data-element_type=\"column\">\n\t\t\t<div class=\"elementor-widget-wrap elementor-element-populated\">\n\t\t\t\t\t\t<div class=\"elementor-element elementor-element-a33d791 animated-fast elementor-invisible elementor-widget elementor-widget-heading\" data-id=\"a33d791\" data-element_type=\"widget\" data-settings=\"{&quot;_animation&quot;:&quot;fadeInLeft&quot;}\" data-widget_type=\"heading.default\">\n\t\t\t\t<div class=\"elementor-widget-container\">\n\t\t\t<style>\/*! elementor - v3.23.0 - 25-07-2024 *\/\n.elementor-heading-title{padding:0;margin:0;line-height:1}.elementor-widget-heading .elementor-heading-title[class*=elementor-size-]>a{color:inherit;font-size:inherit;line-height:inherit}.elementor-widget-heading .elementor-heading-title.elementor-size-small{font-size:15px}.elementor-widget-heading .elementor-heading-title.elementor-size-medium{font-size:19px}.elementor-widget-heading .elementor-heading-title.elementor-size-large{font-size:29px}.elementor-widget-heading .elementor-heading-title.elementor-size-xl{font-size:39px}.elementor-widget-heading .elementor-heading-title.elementor-size-xxl{font-size:59px}<\/style><h2 class=\"elementor-heading-title elementor-size-default\">Project management<\/h2>\t\t<\/div>\n\t\t\t\t<\/div>\n\t\t\t\t\t<\/div>\n\t\t<\/div>\n\t\t\t\t<div class=\"elementor-column elementor-col-50 elementor-top-column elementor-element elementor-element-2c26ee6\" data-id=\"2c26ee6\" data-element_type=\"column\">\n\t\t\t<div class=\"elementor-widget-wrap elementor-element-populated\">\n\t\t\t\t\t\t<div class=\"elementor-element elementor-element-e607b8d elementor-icon-list--layout-inline elementor-widget__width-auto elementor-list-item-link-full_width elementor-widget elementor-widget-icon-list\" data-id=\"e607b8d\" data-element_type=\"widget\" data-settings=\"{&quot;_animation&quot;:&quot;none&quot;}\" data-widget_type=\"icon-list.default\">\n\t\t\t\t<div class=\"elementor-widget-container\">\n\t\t\t<link rel=\"stylesheet\" href=\"https:\/\/buvkonsultants.lv\/wp-content\/plugins\/elementor\/assets\/css\/widget-icon-list.min.css\">\t\t<ul class=\"elementor-icon-list-items elementor-inline-items\">\n\t\t\t\t\t\t\t<li class=\"elementor-icon-list-item elementor-inline-item\">\n\t\t\t\t\t\t\t\t\t\t\t<a href=\"\/en\/\">\n\n\t\t\t\t\t\t\t\t\t\t\t\t<span class=\"elementor-icon-list-icon\">\n\t\t\t\t\t\t\t<svg aria-hidden=\"true\" class=\"e-font-icon-svg e-fas-home\" viewbox=\"0 0 576 512\" xmlns=\"http:\/\/www.w3.org\/2000\/svg\"><path d=\"M280.37 148.26L96 300.11V464a16 16 0 0 0 16 16l112.06-.29a16 16 0 0 0 15.92-16V368a16 16 0 0 1 16-16h64a16 16 0 0 1 16 16v95.64a16 16 0 0 0 16 16.05L464 480a16 16 0 0 0 16-16V300L295.67 148.26a12.19 12.19 0 0 0-15.3 0zM571.6 251.47L488 182.56V44.05a12 12 0 0 0-12-12h-56a12 12 0 0 0-12 12v72.61L318.47 43a48 48 0 0 0-61 0L4.34 251.47a12 12 0 0 0-1.6 16.9l25.5 31A12 12 0 0 0 45.15 301l235.22-193.74a12.19 12.19 0 0 1 15.3 0L530.9 301a12 12 0 0 0 16.9-1.6l25.5-31a12 12 0 0 0-1.7-16.93z\"><\/path><\/svg>\t\t\t\t\t\t<\/span>\n\t\t\t\t\t\t\t\t\t\t<span class=\"elementor-icon-list-text\">Home<\/span>\n\t\t\t\t\t\t\t\t\t\t\t<\/a>\n\t\t\t\t\t\t\t\t\t<\/li>\n\t\t\t\t\t\t\t\t<li class=\"elementor-icon-list-item elementor-inline-item\">\n\t\t\t\t\t\t\t\t\t\t\t<a href=\"https:\/\/buvkonsultants.lv\/en\/pakalpojumi\/\">\n\n\t\t\t\t\t\t\t\t\t\t\t\t<span class=\"elementor-icon-list-icon\">\n\t\t\t\t\t\t\t<svg aria-hidden=\"true\" class=\"e-font-icon-svg e-fas-angle-right\" viewbox=\"0 0 256 512\" xmlns=\"http:\/\/www.w3.org\/2000\/svg\"><path d=\"M224.3 273l-136 136c-9.4 9.4-24.6 9.4-33.9 0l-22.6-22.6c-9.4-9.4-9.4-24.6 0-33.9l96.4-96.4-96.4-96.4c-9.4-9.4-9.4-24.6 0-33.9L54.3 103c9.4-9.4 24.6-9.4 33.9 0l136 136c9.5 9.4 9.5 24.6.1 34z\"><\/path><\/svg>\t\t\t\t\t\t<\/span>\n\t\t\t\t\t\t\t\t\t\t<span class=\"elementor-icon-list-text\">Services<\/span>\n\t\t\t\t\t\t\t\t\t\t\t<\/a>\n\t\t\t\t\t\t\t\t\t<\/li>\n\t\t\t\t\t\t\t\t<li class=\"elementor-icon-list-item elementor-inline-item\">\n\t\t\t\t\t\t\t\t\t\t\t<span class=\"elementor-icon-list-icon\">\n\t\t\t\t\t\t\t<svg aria-hidden=\"true\" class=\"e-font-icon-svg e-fas-angle-right\" viewbox=\"0 0 256 512\" xmlns=\"http:\/\/www.w3.org\/2000\/svg\"><path d=\"M224.3 273l-136 136c-9.4 9.4-24.6 9.4-33.9 0l-22.6-22.6c-9.4-9.4-9.4-24.6 0-33.9l96.4-96.4-96.4-96.4c-9.4-9.4-9.4-24.6 0-33.9L54.3 103c9.4-9.4 24.6-9.4 33.9 0l136 136c9.5 9.4 9.5 24.6.1 34z\"><\/path><\/svg>\t\t\t\t\t\t<\/span>\n\t\t\t\t\t\t\t\t\t\t<span class=\"elementor-icon-list-text\">Project management<\/span>\n\t\t\t\t\t\t\t\t\t<\/li>\n\t\t\t\t\t\t<\/ul>\n\t\t\t\t<\/div>\n\t\t\t\t<\/div>\n\t\t\t\t\t<\/div>\n\t\t<\/div>\n\t\t\t\t\t<\/div>\n\t\t<\/section>\n\t\t<div class=\"elementor-element elementor-element-54f175b e-flex e-con-boxed e-con e-parent\" data-id=\"54f175b\" data-element_type=\"container\">\n\t\t\t\t\t<div class=\"e-con-inner\">\n\t\t<div class=\"elementor-element elementor-element-4d55f7c e-con-full e-flex elementor-invisible e-con e-child\" data-id=\"4d55f7c\" data-element_type=\"container\" data-settings=\"{&quot;animation&quot;:&quot;fadeInLeft&quot;}\">\n\t\t\t\t<div class=\"elementor-element elementor-element-17a5932 elementor-widget elementor-widget-text-editor\" data-id=\"17a5932\" data-element_type=\"widget\" data-widget_type=\"text-editor.default\">\n\t\t\t\t<div class=\"elementor-widget-container\">\n\t\t\t<style>\/*! elementor - v3.23.0 - 25-07-2024 *\/\n.elementor-widget-text-editor.elementor-drop-cap-view-stacked .elementor-drop-cap{background-color:#69727d;color:#fff}.elementor-widget-text-editor.elementor-drop-cap-view-framed .elementor-drop-cap{color:#69727d;border:3px solid;background-color:transparent}.elementor-widget-text-editor:not(.elementor-drop-cap-view-default) .elementor-drop-cap{margin-top:8px}.elementor-widget-text-editor:not(.elementor-drop-cap-view-default) .elementor-drop-cap-letter{width:1em;height:1em}.elementor-widget-text-editor .elementor-drop-cap{float:left;text-align:center;line-height:1;font-size:50px}.elementor-widget-text-editor .elementor-drop-cap-letter{display:inline-block}<\/style>\t\t\t\t<p>Jebkur\u0101 b\u016bvniec\u012bbas projektu \u012bsteno\u0161an\u0101 ir svar\u012bgi l\u012bdzsvarot projekta b\u016bvdarbu izmaksas, izpildes termi\u0146us un kvalit\u0101ti.<\/p><p>Profesion\u0101la b\u016bvniec\u012bbas projekta vad\u012bba, nezaud\u0113jot kop\u0113jo b\u016bvprojekta b\u016bvdarbu kvalit\u0101ti, var samazin\u0101t projekta b\u016bvniec\u012bbas izmaksas par 25 &#8211; 35% no s\u0101kotn\u0113ji pl\u0101not\u0101 b\u016bvniec\u012bbas izmaksu bud\u017eeta.<br \/><br \/><strong>SIA \u201eB\u016bvkonsultants\u201d komanda pied\u0101v\u0101 \u0161\u0101dus pakalpojumus:<\/strong><\/p><ul><li>B\u016bvdarbu izpildes termi\u0146u un izmaksu pl\u0101no\u0161ana;<\/li><li>B\u016bvdarbu veik\u0161anas termi\u0146u, kvalit\u0101tes un izmaksu uzraudz\u012bba;<\/li><li>Projekt\u0113\u0161anas un b\u016bvdarbu konkursa dokument\u0101cijas sagatavo\u0161ana;<\/li><li><div>Att\u0101lin\u0101tu (online) sapul\u010du organiz\u0113\u0161ana un vad\u012bba;<\/div><\/li><li>Starptautiskas komandas vad\u012bba un komunik\u0101cija;<\/li><li><div>Projekt\u0113\u0161anas procesa vad\u012bba un uzraudz\u012bba;<\/div><\/li><li><div>Design &amp; build procesu vad\u012bba.<\/div><\/li><\/ul>\t\t\t\t\t\t<\/div>\n\t\t\t\t<\/div>\n\t\t\t\t<\/div>\n\t\t<div class=\"elementor-element elementor-element-86490d3 e-con-full e-flex elementor-invisible e-con e-child\" data-id=\"86490d3\" data-element_type=\"container\" data-settings=\"{&quot;animation&quot;:&quot;fadeInRight&quot;}\">\n\t\t\t\t<div class=\"elementor-element elementor-element-05c5322 elementor-widget elementor-widget-image\" data-id=\"05c5322\" data-element_type=\"widget\" data-widget_type=\"image.default\">\n\t\t\t\t<div class=\"elementor-widget-container\">\n\t\t\t<style>\/*! elementor - v3.23.0 - 25-07-2024 *\/\n.elementor-widget-image{text-align:center}.elementor-widget-image a{display:inline-block}.elementor-widget-image a img[src$=\".svg\"]{width:48px}.elementor-widget-image img{vertical-align:middle;display:inline-block}<\/style>\t\t\t\t\t\t\t\t\t\t<img fetchpriority=\"high\" decoding=\"async\" width=\"800\" height=\"549\" src=\"https:\/\/buvkonsultants.lv\/wp-content\/uploads\/2024\/05\/ServiceMain.jpg\" class=\"attachment-large size-large wp-image-711\" alt=\"\" srcset=\"https:\/\/buvkonsultants.lv\/wp-content\/uploads\/2024\/05\/ServiceMain.jpg 1000w, https:\/\/buvkonsultants.lv\/wp-content\/uploads\/2024\/05\/ServiceMain-300x206.jpg 300w, https:\/\/buvkonsultants.lv\/wp-content\/uploads\/2024\/05\/ServiceMain-768x527.jpg 768w\" sizes=\"(max-width: 800px) 100vw, 800px\" \/>\t\t\t\t\t\t\t\t\t\t\t\t\t<\/div>\n\t\t\t\t<\/div>\n\t\t\t\t<\/div>\n\t\t\t\t\t<\/div>\n\t\t\t\t<\/div>\n\t\t<div class=\"elementor-element elementor-element-8adee33 e-flex e-con-boxed e-con e-parent\" data-id=\"8adee33\" data-element_type=\"container\">\n\t\t\t\t\t<div class=\"e-con-inner\">\n\t\t<div class=\"elementor-element elementor-element-92e7243 e-con-full e-flex elementor-invisible e-con e-child\" data-id=\"92e7243\" data-element_type=\"container\" data-settings=\"{&quot;animation&quot;:&quot;fadeInLeft&quot;}\">\n\t\t\t\t<div class=\"elementor-element elementor-element-45d2957 elementor-widget elementor-widget-image\" data-id=\"45d2957\" data-element_type=\"widget\" data-widget_type=\"image.default\">\n\t\t\t\t<div class=\"elementor-widget-container\">\n\t\t\t\t\t\t\t\t\t\t\t\t\t<img decoding=\"async\" width=\"800\" height=\"526\" src=\"https:\/\/buvkonsultants.lv\/wp-content\/uploads\/2024\/05\/management4.jpg\" class=\"attachment-large size-large wp-image-742\" alt=\"\" srcset=\"https:\/\/buvkonsultants.lv\/wp-content\/uploads\/2024\/05\/management4.jpg 800w, https:\/\/buvkonsultants.lv\/wp-content\/uploads\/2024\/05\/management4-300x197.jpg 300w, https:\/\/buvkonsultants.lv\/wp-content\/uploads\/2024\/05\/management4-768x505.jpg 768w\" sizes=\"(max-width: 800px) 100vw, 800px\" \/>\t\t\t\t\t\t\t\t\t\t\t\t\t<\/div>\n\t\t\t\t<\/div>\n\t\t\t\t<\/div>\n\t\t<div class=\"elementor-element elementor-element-cec8e1a e-con-full e-flex elementor-invisible e-con e-child\" data-id=\"cec8e1a\" data-element_type=\"container\" data-settings=\"{&quot;animation&quot;:&quot;fadeInRight&quot;}\">\n\t\t\t\t<div class=\"elementor-element elementor-element-bebb977 elementor-widget elementor-widget-heading\" data-id=\"bebb977\" data-element_type=\"widget\" data-widget_type=\"heading.default\">\n\t\t\t\t<div class=\"elementor-widget-container\">\n\t\t\t<h2 class=\"elementor-heading-title elementor-size-default\">Projekt\u0113\u0161anas un b\u016bvniec\u012bbas konkursu organiz\u0113\u0161ana<\/h2>\t\t<\/div>\n\t\t\t\t<\/div>\n\t\t\t\t<div class=\"elementor-element elementor-element-c9a755e elementor-widget elementor-widget-text-editor\" data-id=\"c9a755e\" data-element_type=\"widget\" data-widget_type=\"text-editor.default\">\n\t\t\t\t<div class=\"elementor-widget-container\">\n\t\t\t\t\t\t\t<p>Viens no efekt\u012bv\u0101kajiem veidiem, k\u0101 atrast lab\u0101ko projekt\u0113t\u0101ju vai saimnieciski izdev\u012bg\u0101ko b\u016bvuz\u0146\u0113m\u0113ju, ir tos izv\u0113l\u0113ties konkursu rezult\u0101t\u0101.\u00a0<\/p><p>Projekt\u0113t\u0101ju iesniegto ideju varianti un b\u016bvuz\u0146\u0113m\u0113ju izmaksu pied\u0101v\u0101jumi \u013caus nov\u0113rt\u0113t un izv\u0113l\u0113ties efekt\u012bv\u0101kos b\u016bvprojekta risin\u0101jumus par visizdev\u012bg\u0101kaj\u0101m izmaks\u0101m. B\u016bvuz\u0146\u0113m\u0113ja konkursa rezult\u0101t\u0101 pas\u016bt\u012bt\u0101js ieg\u016bs re\u0101las tirgus izmaksas, t\u0101 izsl\u0113dzot \u0161aubas, ka projekta l\u012bdzek\u013ci tiek izmantoti neefekt\u012bvi.<\/p><p><br \/><strong>SIA \u201eB\u016bvkonsultants\u201d komanda pied\u0101v\u0101 sekojo\u0161us pakalpojumus:<\/strong><\/p><ul><li>Konkursu nolikumu gatavo\u0161ana;<\/li><li>Ski\u010du (meta) konkursu organiz\u0113\u0161ana;<\/li><li>Starptautisku projekt\u0113\u0161anas plen\u0113ru organiz\u0113\u0161ana;<\/li><li>Pretendentu iesniegto projekt\u0113\u0161anas un b\u016bvniec\u012bbas konkursu materi\u0101lu izv\u0113rt\u0113\u0161ana;<\/li><li>B\u016bvniec\u012bbas izmaksu anal\u012bze.<\/li><\/ul>\t\t\t\t\t\t<\/div>\n\t\t\t\t<\/div>\n\t\t\t\t<\/div>\n\t\t\t\t\t<\/div>\n\t\t\t\t<\/div>\n\t\t\t\t<\/div>","protected":false},"excerpt":{"rendered":"<p>S\u0101kums Pakalpojumi Jebkur\u0101 b\u016bvniec\u012bbas projektu \u012bsteno\u0161an\u0101 ir svar\u012bgi l\u012bdzsvarot projekta b\u016bvdarbu izmaksas, izpildes termi\u0146us un kvalit\u0101ti. Profesion\u0101la b\u016bvniec\u012bbas projekta vad\u012bba, nezaud\u0113jot kop\u0113jo b\u016bvprojekta b\u016bvdarbu kvalit\u0101ti, var samazin\u0101t projekta b\u016bvniec\u012bbas izmaksas par 25 &#8211; 35% no s\u0101kotn\u0113ji pl\u0101not\u0101 b\u016bvniec\u012bbas izmaksu bud\u017eeta. SIA \u201eB\u016bvkonsultants\u201d komanda pied\u0101v\u0101 \u0161\u0101dus pakalpojumus: B\u016bvdarbu izpildes termi\u0146u un izmaksu pl\u0101no\u0161ana; B\u016bvdarbu veik\u0161anas termi\u0146u, [&hellip;]<\/p>","protected":false},"author":1,"featured_media":0,"parent":0,"menu_order":0,"comment_status":"closed","ping_status":"closed","template":"elementor_header_footer","meta":{"footnotes":""},"class_list":["post-721","page","type-page","status-publish","hentry"],"_links":{"self":[{"href":"https:\/\/buvkonsultants.lv\/en\/wp-json\/wp\/v2\/pages\/721","targetHints":{"allow":["GET"]}}],"collection":[{"href":"https:\/\/buvkonsultants.lv\/en\/wp-json\/wp\/v2\/pages"}],"about":[{"href":"https:\/\/buvkonsultants.lv\/en\/wp-json\/wp\/v2\/types\/page"}],"author":[{"embeddable":true,"href":"https:\/\/buvkonsultants.lv\/en\/wp-json\/wp\/v2\/users\/1"}],"replies":[{"embeddable":true,"href":"https:\/\/buvkonsultants.lv\/en\/wp-json\/wp\/v2\/comments?post=721"}],"version-history":[{"count":31,"href":"https:\/\/buvkonsultants.lv\/en\/wp-json\/wp\/v2\/pages\/721\/revisions"}],"predecessor-version":[{"id":1496,"href":"https:\/\/buvkonsultants.lv\/en\/wp-json\/wp\/v2\/pages\/721\/revisions\/1496"}],"wp:attachment":[{"href":"https:\/\/buvkonsultants.lv\/en\/wp-json\/wp\/v2\/media?parent=721"}],"curies":[{"name":"wp","href":"https:\/\/api.w.org\/{rel}","templated":true}]}}