{"id":1510,"date":"2024-07-09T13:55:16","date_gmt":"2024-07-09T10:55:16","guid":{"rendered":"http:\/\/buvkon.elapadev.lv\/?page_id=1510"},"modified":"2024-07-09T13:56:44","modified_gmt":"2024-07-09T10:56:44","slug":"buvju-tehniska-apsekosana-un-izvertejums-2","status":"publish","type":"page","link":"https:\/\/buvkonsultants.lv\/en\/buvju-tehniska-apsekosana-un-izvertejums-2\/","title":{"rendered":"B\u016bvju tehnisk\u0101 apseko\u0161ana un izv\u0113rt\u0113jums"},"content":{"rendered":"<div data-elementor-type=\"wp-page\" data-elementor-id=\"1510\" class=\"elementor elementor-1510\" data-elementor-post-type=\"page\">\n\t\t\t\t\t\t<section class=\"elementor-section elementor-top-section elementor-element elementor-element-9af3fae elementor-section-boxed elementor-section-height-default elementor-section-height-default\" data-id=\"9af3fae\" data-element_type=\"section\" data-settings=\"{&quot;background_background&quot;:&quot;classic&quot;}\">\n\t\t\t\t\t\t\t<div class=\"elementor-background-overlay\"><\/div>\n\t\t\t\t\t\t\t<div class=\"elementor-container elementor-column-gap-default\">\n\t\t\t\t\t<div class=\"elementor-column elementor-col-50 elementor-top-column elementor-element elementor-element-8136d4e\" data-id=\"8136d4e\" data-element_type=\"column\">\n\t\t\t<div class=\"elementor-widget-wrap elementor-element-populated\">\n\t\t\t\t\t\t<div class=\"elementor-element elementor-element-008b443 animated-fast elementor-invisible elementor-widget elementor-widget-heading\" data-id=\"008b443\" data-element_type=\"widget\" data-settings=\"{&quot;_animation&quot;:&quot;fadeInLeft&quot;}\" data-widget_type=\"heading.default\">\n\t\t\t\t<div class=\"elementor-widget-container\">\n\t\t\t<style>\/*! elementor - v3.23.0 - 25-07-2024 *\/\n.elementor-heading-title{padding:0;margin:0;line-height:1}.elementor-widget-heading .elementor-heading-title[class*=elementor-size-]>a{color:inherit;font-size:inherit;line-height:inherit}.elementor-widget-heading .elementor-heading-title.elementor-size-small{font-size:15px}.elementor-widget-heading .elementor-heading-title.elementor-size-medium{font-size:19px}.elementor-widget-heading .elementor-heading-title.elementor-size-large{font-size:29px}.elementor-widget-heading .elementor-heading-title.elementor-size-xl{font-size:39px}.elementor-widget-heading .elementor-heading-title.elementor-size-xxl{font-size:59px}<\/style><h2 class=\"elementor-heading-title elementor-size-default\">B\u016bvju tehnisk\u0101 apseko\u0161ana un izv\u0113rt\u0113jums<\/h2>\t\t<\/div>\n\t\t\t\t<\/div>\n\t\t\t\t\t<\/div>\n\t\t<\/div>\n\t\t\t\t<div class=\"elementor-column elementor-col-50 elementor-top-column elementor-element elementor-element-8953121\" data-id=\"8953121\" data-element_type=\"column\">\n\t\t\t<div class=\"elementor-widget-wrap elementor-element-populated\">\n\t\t\t\t\t\t<div class=\"elementor-element elementor-element-0c992f0 elementor-icon-list--layout-inline elementor-widget__width-auto elementor-list-item-link-full_width elementor-widget elementor-widget-icon-list\" data-id=\"0c992f0\" data-element_type=\"widget\" data-settings=\"{&quot;_animation&quot;:&quot;none&quot;}\" data-widget_type=\"icon-list.default\">\n\t\t\t\t<div class=\"elementor-widget-container\">\n\t\t\t<link rel=\"stylesheet\" href=\"https:\/\/buvkonsultants.lv\/wp-content\/plugins\/elementor\/assets\/css\/widget-icon-list.min.css\">\t\t<ul class=\"elementor-icon-list-items elementor-inline-items\">\n\t\t\t\t\t\t\t<li class=\"elementor-icon-list-item elementor-inline-item\">\n\t\t\t\t\t\t\t\t\t\t\t<a href=\"\/en\/\">\n\n\t\t\t\t\t\t\t\t\t\t\t\t<span class=\"elementor-icon-list-icon\">\n\t\t\t\t\t\t\t<svg aria-hidden=\"true\" class=\"e-font-icon-svg e-fas-home\" viewbox=\"0 0 576 512\" xmlns=\"http:\/\/www.w3.org\/2000\/svg\"><path d=\"M280.37 148.26L96 300.11V464a16 16 0 0 0 16 16l112.06-.29a16 16 0 0 0 15.92-16V368a16 16 0 0 1 16-16h64a16 16 0 0 1 16 16v95.64a16 16 0 0 0 16 16.05L464 480a16 16 0 0 0 16-16V300L295.67 148.26a12.19 12.19 0 0 0-15.3 0zM571.6 251.47L488 182.56V44.05a12 12 0 0 0-12-12h-56a12 12 0 0 0-12 12v72.61L318.47 43a48 48 0 0 0-61 0L4.34 251.47a12 12 0 0 0-1.6 16.9l25.5 31A12 12 0 0 0 45.15 301l235.22-193.74a12.19 12.19 0 0 1 15.3 0L530.9 301a12 12 0 0 0 16.9-1.6l25.5-31a12 12 0 0 0-1.7-16.93z\"><\/path><\/svg>\t\t\t\t\t\t<\/span>\n\t\t\t\t\t\t\t\t\t\t<span class=\"elementor-icon-list-text\">Home<\/span>\n\t\t\t\t\t\t\t\t\t\t\t<\/a>\n\t\t\t\t\t\t\t\t\t<\/li>\n\t\t\t\t\t\t\t\t<li class=\"elementor-icon-list-item elementor-inline-item\">\n\t\t\t\t\t\t\t\t\t\t\t<a href=\"https:\/\/buvkonsultants.lv\/en\/pakalpojumi\/\">\n\n\t\t\t\t\t\t\t\t\t\t\t\t<span class=\"elementor-icon-list-icon\">\n\t\t\t\t\t\t\t<svg aria-hidden=\"true\" class=\"e-font-icon-svg e-fas-angle-right\" viewbox=\"0 0 256 512\" xmlns=\"http:\/\/www.w3.org\/2000\/svg\"><path d=\"M224.3 273l-136 136c-9.4 9.4-24.6 9.4-33.9 0l-22.6-22.6c-9.4-9.4-9.4-24.6 0-33.9l96.4-96.4-96.4-96.4c-9.4-9.4-9.4-24.6 0-33.9L54.3 103c9.4-9.4 24.6-9.4 33.9 0l136 136c9.5 9.4 9.5 24.6.1 34z\"><\/path><\/svg>\t\t\t\t\t\t<\/span>\n\t\t\t\t\t\t\t\t\t\t<span class=\"elementor-icon-list-text\">Services<\/span>\n\t\t\t\t\t\t\t\t\t\t\t<\/a>\n\t\t\t\t\t\t\t\t\t<\/li>\n\t\t\t\t\t\t\t\t<li class=\"elementor-icon-list-item elementor-inline-item\">\n\t\t\t\t\t\t\t\t\t\t\t<span class=\"elementor-icon-list-icon\">\n\t\t\t\t\t\t\t<svg aria-hidden=\"true\" class=\"e-font-icon-svg e-fas-angle-right\" viewbox=\"0 0 256 512\" xmlns=\"http:\/\/www.w3.org\/2000\/svg\"><path d=\"M224.3 273l-136 136c-9.4 9.4-24.6 9.4-33.9 0l-22.6-22.6c-9.4-9.4-9.4-24.6 0-33.9l96.4-96.4-96.4-96.4c-9.4-9.4-9.4-24.6 0-33.9L54.3 103c9.4-9.4 24.6-9.4 33.9 0l136 136c9.5 9.4 9.5 24.6.1 34z\"><\/path><\/svg>\t\t\t\t\t\t<\/span>\n\t\t\t\t\t\t\t\t\t\t<span class=\"elementor-icon-list-text\">B\u016bvju tehnisk\u0101 apseko\u0161ana un izv\u0113rt\u0113jums<\/span>\n\t\t\t\t\t\t\t\t\t<\/li>\n\t\t\t\t\t\t<\/ul>\n\t\t\t\t<\/div>\n\t\t\t\t<\/div>\n\t\t\t\t\t<\/div>\n\t\t<\/div>\n\t\t\t\t\t<\/div>\n\t\t<\/section>\n\t\t<div class=\"elementor-element elementor-element-5055325 e-flex e-con-boxed e-con e-parent\" data-id=\"5055325\" data-element_type=\"container\">\n\t\t\t\t\t<div class=\"e-con-inner\">\n\t\t<div class=\"elementor-element elementor-element-92aa3eb e-con-full e-flex elementor-invisible e-con e-child\" data-id=\"92aa3eb\" data-element_type=\"container\" data-settings=\"{&quot;animation&quot;:&quot;fadeInLeft&quot;}\">\n\t\t\t\t<div class=\"elementor-element elementor-element-dd75c23 elementor-widget elementor-widget-text-editor\" data-id=\"dd75c23\" data-element_type=\"widget\" data-widget_type=\"text-editor.default\">\n\t\t\t\t<div class=\"elementor-widget-container\">\n\t\t\t<style>\/*! elementor - v3.23.0 - 25-07-2024 *\/\n.elementor-widget-text-editor.elementor-drop-cap-view-stacked .elementor-drop-cap{background-color:#69727d;color:#fff}.elementor-widget-text-editor.elementor-drop-cap-view-framed .elementor-drop-cap{color:#69727d;border:3px solid;background-color:transparent}.elementor-widget-text-editor:not(.elementor-drop-cap-view-default) .elementor-drop-cap{margin-top:8px}.elementor-widget-text-editor:not(.elementor-drop-cap-view-default) .elementor-drop-cap-letter{width:1em;height:1em}.elementor-widget-text-editor .elementor-drop-cap{float:left;text-align:center;line-height:1;font-size:50px}.elementor-widget-text-editor .elementor-drop-cap-letter{display:inline-block}<\/style>\t\t\t\t<p>Lai noteiktu nepiecie\u0161am\u0101 finans\u0113juma apjomu b\u016bves atjauno\u0161anai un p\u0101rb\u016bvei un veiktu projekt\u0113\u0161anas darbu priek\u0161izp\u0113ti, nepiecie\u0161ams nov\u0113rt\u0113t b\u016bves tehnisko st\u0101vokli. T\u0101pat, ieg\u0101d\u0101joties nekustamo \u012bpa\u0161umu, ir svar\u012bgi nov\u0113rt\u0113t eso\u0161o situ\u0101ciju un vajadz\u012bgos l\u012bdzek\u013cus ieceres \u012bsteno\u0161anai.<\/p><p>B\u016bvju tehniskajai apseko\u0161anai tiek piesaist\u012bti sertific\u0113ti speci\u0101listi &#8211; elektroiesai\u0161u, v\u0101jstr\u0101vu speci\u0101lists, AVK sist\u0113mu in\u017eenieris, b\u016bvkonstrukciju in\u017eenieris un citi speci\u0101listi p\u0113c nepiecie\u0161am\u012bbas.<\/p><p><strong>SIA \u201eB\u016bvkonsultants\u201d komanda pied\u0101v\u0101 \u0161\u0101dus pakalpojumus:<\/strong><\/p><ul><li>Tehnisk\u0101s dokument\u0101cijas p\u0101rbaude;<br \/>B\u016bves tehnisk\u0101 apseko\u0161ana un izv\u0113rt\u0113jums;<\/li><li>B\u016bves neso\u0161o konstrukciju nov\u0113rt\u0113\u0161ana;<\/li><li>Eso\u0161o in\u017eenierkomunik\u0101ciju nov\u0113rt\u0113\u0161ana;<\/li><li>B\u016bvprojekta ekspert\u012bzes organiz\u0113\u0161ana;<\/li><li>Ieteikumi \u0113kas tehnisk\u0101 st\u0101vok\u013ca uzlabo\u0161anai;<\/li><li>\u0112kas atjauno\u0161anas izmaksu apr\u0113\u0137ins<br \/>Konsult\u0101cijas pirms nekustam\u0101 \u012bpa\u0161uma ieg\u0101des.<\/li><\/ul>\t\t\t\t\t\t<\/div>\n\t\t\t\t<\/div>\n\t\t\t\t<\/div>\n\t\t<div class=\"elementor-element elementor-element-8238139 e-con-full e-flex elementor-invisible e-con e-child\" data-id=\"8238139\" data-element_type=\"container\" data-settings=\"{&quot;animation&quot;:&quot;fadeInRight&quot;}\">\n\t\t\t\t<div class=\"elementor-element elementor-element-8290d3b elementor-widget elementor-widget-image\" data-id=\"8290d3b\" data-element_type=\"widget\" data-widget_type=\"image.default\">\n\t\t\t\t<div class=\"elementor-widget-container\">\n\t\t\t<style>\/*! elementor - v3.23.0 - 25-07-2024 *\/\n.elementor-widget-image{text-align:center}.elementor-widget-image a{display:inline-block}.elementor-widget-image a img[src$=\".svg\"]{width:48px}.elementor-widget-image img{vertical-align:middle;display:inline-block}<\/style>\t\t\t\t\t\t\t\t\t\t<img fetchpriority=\"high\" decoding=\"async\" width=\"800\" height=\"549\" src=\"https:\/\/buvkonsultants.lv\/wp-content\/uploads\/2024\/05\/ServiceMain.jpg\" class=\"attachment-large size-large wp-image-711\" alt=\"\" srcset=\"https:\/\/buvkonsultants.lv\/wp-content\/uploads\/2024\/05\/ServiceMain.jpg 1000w, https:\/\/buvkonsultants.lv\/wp-content\/uploads\/2024\/05\/ServiceMain-300x206.jpg 300w, https:\/\/buvkonsultants.lv\/wp-content\/uploads\/2024\/05\/ServiceMain-768x527.jpg 768w\" sizes=\"(max-width: 800px) 100vw, 800px\" \/>\t\t\t\t\t\t\t\t\t\t\t\t\t<\/div>\n\t\t\t\t<\/div>\n\t\t\t\t<\/div>\n\t\t\t\t\t<\/div>\n\t\t\t\t<\/div>\n\t\t\t\t<\/div>","protected":false},"excerpt":{"rendered":"<p>S\u0101kums Pakalpojumi Lai noteiktu nepiecie\u0161am\u0101 finans\u0113juma apjomu b\u016bves atjauno\u0161anai un p\u0101rb\u016bvei un veiktu projekt\u0113\u0161anas darbu priek\u0161izp\u0113ti, nepiecie\u0161ams nov\u0113rt\u0113t b\u016bves tehnisko st\u0101vokli. T\u0101pat, ieg\u0101d\u0101joties nekustamo \u012bpa\u0161umu, ir svar\u012bgi nov\u0113rt\u0113t eso\u0161o situ\u0101ciju un vajadz\u012bgos l\u012bdzek\u013cus ieceres \u012bsteno\u0161anai. B\u016bvju tehniskajai apseko\u0161anai tiek piesaist\u012bti sertific\u0113ti speci\u0101listi &#8211; elektroiesai\u0161u, v\u0101jstr\u0101vu speci\u0101lists, AVK sist\u0113mu in\u017eenieris, b\u016bvkonstrukciju in\u017eenieris un citi speci\u0101listi p\u0113c [&hellip;]<\/p>","protected":false},"author":1,"featured_media":0,"parent":0,"menu_order":0,"comment_status":"closed","ping_status":"closed","template":"elementor_header_footer","meta":{"footnotes":""},"class_list":["post-1510","page","type-page","status-publish","hentry"],"_links":{"self":[{"href":"https:\/\/buvkonsultants.lv\/en\/wp-json\/wp\/v2\/pages\/1510","targetHints":{"allow":["GET"]}}],"collection":[{"href":"https:\/\/buvkonsultants.lv\/en\/wp-json\/wp\/v2\/pages"}],"about":[{"href":"https:\/\/buvkonsultants.lv\/en\/wp-json\/wp\/v2\/types\/page"}],"author":[{"embeddable":true,"href":"https:\/\/buvkonsultants.lv\/en\/wp-json\/wp\/v2\/users\/1"}],"replies":[{"embeddable":true,"href":"https:\/\/buvkonsultants.lv\/en\/wp-json\/wp\/v2\/comments?post=1510"}],"version-history":[{"count":4,"href":"https:\/\/buvkonsultants.lv\/en\/wp-json\/wp\/v2\/pages\/1510\/revisions"}],"predecessor-version":[{"id":1515,"href":"https:\/\/buvkonsultants.lv\/en\/wp-json\/wp\/v2\/pages\/1510\/revisions\/1515"}],"wp:attachment":[{"href":"https:\/\/buvkonsultants.lv\/en\/wp-json\/wp\/v2\/media?parent=1510"}],"curies":[{"name":"wp","href":"https:\/\/api.w.org\/{rel}","templated":true}]}}